{"id":171,"date":"2023-08-14T02:26:06","date_gmt":"2023-08-14T00:26:06","guid":{"rendered":"https:\/\/albanogarcia.com.ar\/es\/?page_id=171"},"modified":"2024-08-15T13:33:18","modified_gmt":"2024-08-15T16:33:18","slug":"bio","status":"publish","type":"page","link":"https:\/\/albanogarcia.com.ar\/es\/bio\/","title":{"rendered":"Bio"},"content":{"rendered":"\n<p class=\"has-small-font-size\">Buenos Aires (1979). Fot\u00f3grafo y dise\u00f1ador gr\u00e1fico (UBA). Trabaja de manera independiente desde 2004 y vive en Buenos Aires. <\/p>\n\n\n\n<p class=\"has-small-font-size\">Se especializa en proyectos editoriales, tanto en fotograf\u00ed\u00ada como en dise\u00f1o gr\u00e1fico, para clientes dedicados a la arquitectura y las artes visuales. <\/p>\n\n\n\n<p class=\"has-small-font-size\">Algunos de sus clientes son el Consejo Profesional de Arquitectura y Urbanismo (CPAU), la Sociedad Central de Arquitectos (SCA), el Museo de Arte Latinoamericano de Buenos Aires (Malba), el Ente de Turismo del Gobierno de la Ciudad de Buenos Aires, la Universidad de Palermo (UP) y numerosas editoriales que producen libros y revistas de arquitectura, tanto en Argentina como en el exterior del pa\u00ed\u00ads. Registra de manera habitual edificios y piezas urbanas para los m\u00e1s destacados estudios argentinos.<\/p>\n\n\n\n<p class=\"has-small-font-size\">Ha sido el dise\u00f1ador gr\u00e1fico del env\u00ed\u00ado argentino a las Bienales de Arquitectura de Venecia de 2012, 2010 y 2008 y a la Bienal de San Pablo 2011. Adem\u00e1s es el dise\u00f1ador de la revista Arquis de la Facultad de Arquitectura de la Univ. de Palermo, de la revista 47AF de la Facultad de Arquitectura de la Univ. Nacional de La Plata y fue el dise\u00f1ador de la Revista de Arquitectura de la SCA (2009-2013).<\/p>\n\n\n\n<p class=\"has-small-font-size\">Ha expuesto sus fotos en el CC Recoleta, ArteBA, CC Borges, CC Konex, Buenos Aires Photo, Bienal Arte x Arte, Nonabia (9\u00aa Bienal Internacional de Arquitectura de San Pablo), Sociedad Central de Arquitectos (SCA), Museo de Arquitectura y Dise\u00f1o (Marq), FoLA y Fundaci\u00f3n Proa.<\/p>\n\n\n\n<p class=\"has-small-font-size\">Ha obtenido premios y menciones. Sus fotograf\u00edas han sido publicadas en libros, diarios y revistas.<\/p>\n\n\n\n<p class=\"has-link-color has-small-font-size wp-elements-230bbc52c9b666f6844663983f378283\">Public\u00f3 el libro <a href=\"https:\/\/albanogarcia.com.ar\/es\/libro-flaneur\/\" data-type=\"post\" data-id=\"36\">Flaneur<\/a>, dedicado a retratar las calles de Buenos Aires.<\/p>\n\n\n\n<div style=\"height:25px\" aria-hidden=\"true\" class=\"wp-block-spacer\"><\/div>\n\n\n\n<hr class=\"wp-block-separator has-alpha-channel-opacity is-style-wide\"\/>\n\n\n\n<div style=\"height:25px\" aria-hidden=\"true\" class=\"wp-block-spacer\"><\/div>\n\n\n\n<h1 class=\"wp-block-heading\">CV<\/h1>\n\n\n\n<div style=\"height:25px\" aria-hidden=\"true\" class=\"wp-block-spacer\"><\/div>\n\n\n\n<p class=\"has-small-font-size\">Buenos Aires, 1979.<br>Fot\u00f3grafo y Dise\u00f1ador Gr\u00e1fico independiente.<br>Vive y trabaja en Buenos Aires.<\/p>\n\n\n\n<div style=\"height:25px\" aria-hidden=\"true\" class=\"wp-block-spacer\"><\/div>\n\n\n\n<p class=\"has-small-font-size\"><strong>ESTUDIOS<\/strong><\/p>\n\n\n\n<p class=\"has-small-font-size\">Dise\u00f1dor Gr\u00e1fico, UBA, 2006.<\/p>\n\n\n\n<div style=\"height:25px\" aria-hidden=\"true\" class=\"wp-block-spacer\"><\/div>\n\n\n\n<p class=\"has-small-font-size\"><strong>EXPOSICIONES INDIVIDUALES<\/strong><\/p>\n\n\n\n<p class=\"has-small-font-size\">2019<br>Ambientes de Arquitectura, CAd2 Colegio de Arquitectos de Rosario.<br>Ambientes de Arquitectura, FoLA (Fototeca Latinoamericana).<\/p>\n\n\n\n<p class=\"has-small-font-size\">2010<br>Mario Roberto \u00c1lvarez x Albano Garc\u00ed\u00ada, Marq (Museo de Arquitectura y Dise\u00f1o).<br>Ant\u00ed\u00adpodas 10, Shinshu University, Nagano, Jap\u00f3n.<\/p>\n\n\n\n<p class=\"has-small-font-size\">2007<br>Opci\u00f3n Bar.<br>Galer\u00ed\u00ada virtual REDGaler\u00ed\u00ada<\/p>\n\n\n\n<p class=\"has-small-font-size\">2003<br>Fotogaler\u00ed\u00ada s\/t, Palermo Viejo.<\/p>\n\n\n\n<div style=\"height:25px\" aria-hidden=\"true\" class=\"wp-block-spacer\"><\/div>\n\n\n\n<p><strong>EXPOSICIONES GRUPALES<\/strong><\/p>\n\n\n\n<p class=\"has-small-font-size\">2024<br>Gente de mi Ciudad, Teatro General San Mart\u00edn.<\/p>\n\n\n\n<p class=\"has-small-font-size\">2019<br>Urban Transformation, Ibero-american Photography Exhibition, Dupont Underground, Washington DC, Estados Unidos.<\/p>\n\n\n\n<p class=\"has-small-font-size\">2017<br>Punto de fusi\u00f3n, Sociedad Central de Arquitectos.<\/p>\n\n\n\n<p class=\"has-small-font-size\">2016<br>50 a\u00f1os del edificio Banco Hipotecario, La Noche de los Museos<\/p>\n\n\n\n<p class=\"has-small-font-size\">2014<br>IV Nano Festival, Galer\u00ed\u00ada Arte x Arte.<br>Mirar Barracas, Moderna Buenos Aires, Centro Metropolitano de Dise\u00f1o.<br>Fot\u00f3grafos Argentinos, una colecci\u00f3n IX, Fotogaler\u00ed\u00ada Guidotti, Santa Fe.<\/p>\n\n\n\n<p class=\"has-small-font-size\">2013<br>III Nano Festival, Galer\u00ed\u00ada Arte x Arte.<br>Muestra Grupo Holga V, El imaginario cultural.<\/p>\n\n\n\n<p class=\"has-small-font-size\">2012<br>II Nano Festival, Galer\u00ed\u00ada Arte x Arte.<br>Muestra Grupo Holga III, Barraca Vorticista.<\/p>\n\n\n\n<p class=\"has-small-font-size\">2011<br>Muestra Grupo Holga II, El imaginario cultural.<br>La ciudad y sus signos, Env\u00ed\u00ado Argentino a la Nonabia, 9\u00aa Bienal Internacional de Arquitectura de San Pablo.<br>Muestra Grupo Holga, El imaginario cultural.<\/p>\n\n\n\n<p class=\"has-small-font-size\">2010<br>Doscientos+, CC Recoleta.<\/p>\n\n\n\n<p class=\"has-small-font-size\">2009<br>Gente de mi Ciudad, Fotograf\u00ed\u00adas 2000-2009, CC Recoleta.<br>Colecci\u00f3n Patrimonio Art\u00ed\u00adstico SCA, Marq.<br>Poli\u00e9drica, Mil caras de Bs. As., Marq.<\/p>\n\n\n\n<p class=\"has-small-font-size\">2008<br>Artistas en Red, Hotel Boquitas Pintadas.<\/p>\n\n\n\n<p class=\"has-small-font-size\">2006<br>Perif\u00e9rica 2006, CC Borges.<\/p>\n\n\n\n<p class=\"has-small-font-size\">2005<br>Gente de mi Ciudad, CC Recoleta.<\/p>\n\n\n\n<p class=\"has-small-font-size\">2004<br>FOTOgr\u00e1fica-04, Fundaci\u00f3n Proa.<\/p>\n\n\n\n<div style=\"height:25px\" aria-hidden=\"true\" class=\"wp-block-spacer\"><\/div>\n\n\n\n<p class=\"has-small-font-size\"><strong>FERIAS<\/strong><\/p>\n\n\n\n<p class=\"has-small-font-size\">2013<br>Buenos Aires Photo, Espacio Nano Festival.<\/p>\n\n\n\n<p class=\"has-small-font-size\">2012<br>XI Feria de Libros de Fotos de Autor de Buenos Aires, con libro Flaneur.<br>Feria de Libros de Fotos de Autor, Bienal de Fotograf\u00eda Lima 2012, con libro Flaneur.<\/p>\n\n\n\n<p class=\"has-small-font-size\">2008<br>Buenos Aires Photo, Galer\u00ed\u00ada Aninat\/Caballero.<br>ArteBA&#8217;08. Barrio Joven, Galer\u00ed\u00ada ByAppointment.<\/p>\n\n\n\n<div style=\"height:25px\" aria-hidden=\"true\" class=\"wp-block-spacer\"><\/div>\n\n\n\n<p class=\"has-small-font-size\"><strong>PREMIOS<\/strong><\/p>\n\n\n\n<p class=\"has-small-font-size\">2024<br>XXV Concurso Fotogr\u00e1fico Gente de mi Ciudad. Seleccionado <em>(Fotograf\u00ed\u00ada)<\/em>.<\/p>\n\n\n\n<p class=\"has-small-font-size\">2024<br>Concurso provincial de fotograf\u00eda CAPBA \u00abNuestras casas\u00bb. Menci\u00f3n <em>(Fotograf\u00ed\u00ada)<\/em>.<\/p>\n\n\n\n<p class=\"has-small-font-size\">2014<br>Primer Premio SCA CPAU 2014 por Investigaci\u00f3n Publicada para la revista \u00abArquis, inter\u00e9s social por la vivienda\u00bb, UP <em>(Dise\u00f1o Gr\u00e1fico)<\/em>.<\/p>\n\n\n\n<p class=\"has-small-font-size\">2012<br>Primer Premio SCA CPAU 2012 por Investigaci\u00f3n Publicada para la revista \u00abArquis, vivienda urbana en altura 1940-50-60\u00bb, UP <em>(Fotograf\u00ed\u00ada y dise\u00f1o gr\u00e1fico integrales)<\/em>.<\/p>\n\n\n\n<p class=\"has-small-font-size\">2011<br>Convocatoria Nano Festival. Ganador <em>(Fotograf\u00ed\u00ada)<\/em>.<\/p>\n\n\n\n<p class=\"has-small-font-size\">2008<br>Bienal Arte x Arte. Seleccionado <em>(Fotograf\u00ed\u00ada)<\/em>.<\/p>\n\n\n\n<p class=\"has-small-font-size\">2007<br>Concurso Nikon Photo Contest International 2006-2007. Tercer premio <em>(Fotograf\u00ed\u00ada)<\/em>.<br>Concurso zoomBA, Sociedad Central de Arquitectos. Seleccionado <em>(Fotograf\u00ed\u00ada)<\/em>.<\/p>\n\n\n\n<p class=\"has-small-font-size\">2005<br>VI Concurso Fotogr\u00e1fico Gente de mi Ciudad. Menci\u00f3n <em>(Fotograf\u00ed\u00ada)<\/em>.<\/p>\n\n\n\n<div style=\"height:25px\" aria-hidden=\"true\" class=\"wp-block-spacer\"><\/div>\n\n\n\n<p class=\"has-small-font-size\"><strong>PROYECCIONES, CHARLAS<\/strong><\/p>\n\n\n\n<p class=\"has-small-font-size\">2017<br>Glosa, Ciclo De tal palo tal astilla, Casa Victoria Ocampo.<\/p>\n\n\n\n<p class=\"has-small-font-size\">2011<br>Charla para Peter Turnley y alumnos de su taller sobre Buenos Aires.<\/p>\n\n\n\n<p class=\"has-small-font-size\">2008<br>Ciclo Desencuentros, Sociedad Central de Arquitectos.<br>Wicked Open House vol.7, Le Bar.<\/p>\n\n\n\n<p class=\"has-small-font-size\">2007<br>Pecha Kucha Night vol. 6, Ciudad Cultural Konex.<\/p>\n\n\n\n<div style=\"height:25px\" aria-hidden=\"true\" class=\"wp-block-spacer\"><\/div>\n\n\n\n<p class=\"has-small-font-size\"><strong>COLECCIONES<\/strong><\/p>\n\n\n\n<p class=\"has-small-font-size\">Sociedad Central de Arquitectos.<br>Colecciones privadas.<\/p>\n\n\n\n<div style=\"height:25px\" aria-hidden=\"true\" class=\"wp-block-spacer\"><\/div>\n\n\n\n<p class=\"has-small-font-size\"><strong>PUBLICACIONES \/ PRENSA<\/strong><\/p>\n\n\n\n<p class=\"has-small-font-size\">REVISTAS Y DIARIOS<br>A+U (Jap\u00f3n), The New York Times, ARQ Clar\u00ed\u00adn, Summa+, Sociedad Central de Arquitectos, UR Arquitectura, Monocle (UK), Bloomberg BusinessWeek (USA), G7, Los Inrockuptibles, La Mano, In Lanchile, Terrorismo Gr\u00e1fico, Lleg\u00e1s a Bs. As., Lonely Planet, Elle, entre otras.<\/p>\n\n\n\n<p class=\"has-link-color has-small-font-size wp-elements-e40f614500f0dc24fbba771b1e01006b\">LIBROS<br><a href=\"https:\/\/albanogarcia.com.ar\/es\/libro-flaneur\/\" data-type=\"post\" data-id=\"36\">Flaneur<\/a>, <a href=\"https:\/\/albanogarcia.com.ar\/es\/ambientes-de-arquitectura\/\" data-type=\"post\" data-id=\"67\">Ambientes de Arquitectura<\/a>, Borde (Barq), <a href=\"https:\/\/albanogarcia.com.ar\/es\/landia-city-colour-tour\/\" data-type=\"post\" data-id=\"3157\">The Color Harmony Book of Landia<\/a>, Guau!<\/p>\n\n\n\n<div style=\"height:25px\" aria-hidden=\"true\" class=\"wp-block-spacer\"><\/div>\n","protected":false},"excerpt":{"rendered":"<p>Buenos Aires (1979). Fot\u00f3grafo y dise\u00f1ador gr\u00e1fico (UBA). Trabaja de manera independiente desde 2004 y vive en Buenos Aires. Se especializa en proyectos editoriales, tanto en fotograf\u00ed\u00ada como en dise\u00f1o gr\u00e1fico, para clientes dedicados a la arquitectura y las artes visuales. Algunos de sus clientes son el Consejo Profesional de Arquitectura y Urbanismo (CPAU), la [&hellip;]<\/p>\n","protected":false},"author":2,"featured_media":0,"parent":0,"menu_order":0,"comment_status":"closed","ping_status":"closed","template":"","meta":{"footnotes":""},"class_list":["post-171","page","type-page","status-publish","hentry"],"_links":{"self":[{"href":"https:\/\/albanogarcia.com.ar\/es\/wp-json\/wp\/v2\/pages\/171","targetHints":{"allow":["GET"]}}],"collection":[{"href":"https:\/\/albanogarcia.com.ar\/es\/wp-json\/wp\/v2\/pages"}],"about":[{"href":"https:\/\/albanogarcia.com.ar\/es\/wp-json\/wp\/v2\/types\/page"}],"author":[{"embeddable":true,"href":"https:\/\/albanogarcia.com.ar\/es\/wp-json\/wp\/v2\/users\/2"}],"replies":[{"embeddable":true,"href":"https:\/\/albanogarcia.com.ar\/es\/wp-json\/wp\/v2\/comments?post=171"}],"version-history":[{"count":25,"href":"https:\/\/albanogarcia.com.ar\/es\/wp-json\/wp\/v2\/pages\/171\/revisions"}],"predecessor-version":[{"id":4351,"href":"https:\/\/albanogarcia.com.ar\/es\/wp-json\/wp\/v2\/pages\/171\/revisions\/4351"}],"wp:attachment":[{"href":"https:\/\/albanogarcia.com.ar\/es\/wp-json\/wp\/v2\/media?parent=171"}],"curies":[{"name":"wp","href":"https:\/\/api.w.org\/{rel}","templated":true}]}}